{"id":2772,"date":"2021-07-26T16:08:54","date_gmt":"2021-07-26T16:08:54","guid":{"rendered":"https:\/\/clientsupportservices.ca\/?page_id=2772"},"modified":"2021-10-14T19:49:09","modified_gmt":"2021-10-14T19:49:09","slug":"prince-edward-island","status":"publish","type":"page","link":"https:\/\/clientsupportservices.ca\/fr\/prince-edward-island\/","title":{"rendered":"\u00cele-du-Prince-\u00c9douard"},"content":{"rendered":"<p>\u00c0 l'\u00cele-du-Prince-\u00c9douard, le programme SSC est offert par 1 fournisseur de services.<\/p>\n<p><img data-recalc-dims=\"1\" loading=\"lazy\" decoding=\"async\" data-attachment-id=\"2774\" data-permalink=\"https:\/\/clientsupportservices.ca\/fr\/prince-edward-island\/pei-website-map\/\" data-orig-file=\"https:\/\/i0.wp.com\/clientsupportservices.ca\/wp-content\/uploads\/2021\/07\/PEI-website-MAP.png?fit=1920%2C1080&amp;ssl=1\" data-orig-size=\"1920,1080\" data-comments-opened=\"1\" data-image-meta=\"{&quot;aperture&quot;:&quot;0&quot;,&quot;credit&quot;:&quot;&quot;,&quot;camera&quot;:&quot;&quot;,&quot;caption&quot;:&quot;&quot;,&quot;created_timestamp&quot;:&quot;0&quot;,&quot;copyright&quot;:&quot;&quot;,&quot;focal_length&quot;:&quot;0&quot;,&quot;iso&quot;:&quot;0&quot;,&quot;shutter_speed&quot;:&quot;0&quot;,&quot;title&quot;:&quot;&quot;,&quot;orientation&quot;:&quot;0&quot;}\" data-image-title=\"PEI-website MAP\" data-image-description=\"\" data-image-caption=\"\" data-large-file=\"https:\/\/i0.wp.com\/clientsupportservices.ca\/wp-content\/uploads\/2021\/07\/PEI-website-MAP.png?fit=1000%2C563&amp;ssl=1\" class=\"alignnone size-full wp-image-2774\" src=\"https:\/\/i0.wp.com\/clientsupportservices.ca\/wp-content\/uploads\/2021\/07\/PEI-website-MAP.png?resize=1000%2C563&#038;ssl=1\" alt=\"PEI-website MAP\" width=\"1000\" height=\"563\" srcset=\"https:\/\/i0.wp.com\/clientsupportservices.ca\/wp-content\/uploads\/2021\/07\/PEI-website-MAP.png?w=1920&amp;ssl=1 1920w, https:\/\/i0.wp.com\/clientsupportservices.ca\/wp-content\/uploads\/2021\/07\/PEI-website-MAP.png?resize=300%2C169&amp;ssl=1 300w, https:\/\/i0.wp.com\/clientsupportservices.ca\/wp-content\/uploads\/2021\/07\/PEI-website-MAP.png?resize=1024%2C576&amp;ssl=1 1024w, https:\/\/i0.wp.com\/clientsupportservices.ca\/wp-content\/uploads\/2021\/07\/PEI-website-MAP.png?resize=768%2C432&amp;ssl=1 768w, https:\/\/i0.wp.com\/clientsupportservices.ca\/wp-content\/uploads\/2021\/07\/PEI-website-MAP.png?resize=1536%2C864&amp;ssl=1 1536w, https:\/\/i0.wp.com\/clientsupportservices.ca\/wp-content\/uploads\/2021\/07\/PEI-website-MAP.png?resize=16%2C9&amp;ssl=1 16w, https:\/\/i0.wp.com\/clientsupportservices.ca\/wp-content\/uploads\/2021\/07\/PEI-website-MAP.png?resize=1200%2C675&amp;ssl=1 1200w\" sizes=\"auto, (max-width: 1000px) 100vw, 1000px\" \/><\/p>\n\n\n<p class=\"wp-block-paragraph\"><a href=\"https:\/\/www.irsapei.ca\/\" data-type=\"URL\" data-id=\"https:\/\/www.irsapei.ca\/\" target=\"_blank\" rel=\"noreferrer noopener\">Immigrant &amp; Refugee Services Association, PEI<\/a><\/p>","protected":false},"excerpt":{"rendered":"<p>The Client Support Services program is delivered at one site in P.E.I. Immigrant &amp; Refugee Services Association, PEI<\/p>","protected":false},"author":139771470,"featured_media":2778,"parent":0,"menu_order":0,"comment_status":"closed","ping_status":"closed","template":"","meta":{"_coblocks_attr":"","_coblocks_dimensions":"","_coblocks_responsive_height":"","_coblocks_accordion_ie_support":"","_crdt_document":"","_monsterinsights_skip_tracking":false,"_monsterinsights_sitenote_active":false,"_monsterinsights_sitenote_note":"","_monsterinsights_sitenote_category":0,"advanced_seo_description":"","jetpack_seo_html_title":"","jetpack_seo_noindex":false,"footnotes":""},"class_list":["post-2772","page","type-page","status-publish","has-post-thumbnail","hentry"],"jetpack_likes_enabled":true,"jetpack_sharing_enabled":false,"jetpack_shortlink":"https:\/\/wp.me\/P9Xs1G-II","amp_enabled":true,"_links":{"self":[{"href":"https:\/\/clientsupportservices.ca\/fr\/wp-json\/wp\/v2\/pages\/2772","targetHints":{"allow":["GET"]}}],"collection":[{"href":"https:\/\/clientsupportservices.ca\/fr\/wp-json\/wp\/v2\/pages"}],"about":[{"href":"https:\/\/clientsupportservices.ca\/fr\/wp-json\/wp\/v2\/types\/page"}],"author":[{"embeddable":true,"href":"https:\/\/clientsupportservices.ca\/fr\/wp-json\/wp\/v2\/users\/139771470"}],"replies":[{"embeddable":true,"href":"https:\/\/clientsupportservices.ca\/fr\/wp-json\/wp\/v2\/comments?post=2772"}],"version-history":[{"count":5,"href":"https:\/\/clientsupportservices.ca\/fr\/wp-json\/wp\/v2\/pages\/2772\/revisions"}],"predecessor-version":[{"id":2908,"href":"https:\/\/clientsupportservices.ca\/fr\/wp-json\/wp\/v2\/pages\/2772\/revisions\/2908"}],"wp:featuredmedia":[{"embeddable":true,"href":"https:\/\/clientsupportservices.ca\/fr\/wp-json\/wp\/v2\/media\/2778"}],"wp:attachment":[{"href":"https:\/\/clientsupportservices.ca\/fr\/wp-json\/wp\/v2\/media?parent=2772"}],"curies":[{"name":"wp","href":"https:\/\/api.w.org\/{rel}","templated":true}]}}